{"id":448,"date":"2026-04-05T16:56:35","date_gmt":"2026-04-05T16:56:35","guid":{"rendered":""},"modified":"2026-04-05T17:39:47","modified_gmt":"2026-04-05T17:39:47","slug":"affiliate-registration","status":"publish","type":"page","link":"https:\/\/qr-memorial.eu\/de\/affiliate-registration\/","title":{"rendered":"Affiliate Registration"},"content":{"rendered":"<p>[et_pb_section fb_built=&#8220;1&#8243; _builder_version=&#8220;4.27.4&#8243; background_color=&#8220;#f2edda&#8220; global_colors_info=&#8220;{}&#8220;][et_pb_row _builder_version=&#8220;4.27.4&#8243; _module_preset=&#8220;default&#8220; global_colors_info=&#8220;{}&#8220;][et_pb_column type=&#8220;4_4&#8243; _builder_version=&#8220;4.27.4&#8243; _module_preset=&#8220;default&#8220; global_colors_info=&#8220;{}&#8220;][et_pb_text _builder_version=&#8220;4.27.4&#8243; _module_preset=&#8220;default&#8220; global_colors_info=&#8220;{}&#8220;]<\/p>\n<p><strong>Willkommen in unserem Partnerprogramm! <\/strong><\/p>\n<p><span>Mit QR-Memorial bieten Sie Ihren Kunden eine w\u00fcrdevolle, moderne Form des Gedenkens \u2013 bewusst ohne Schnickschnack, mit Fokus auf Foto, Galerie und pers\u00f6nlichen Text. <\/span><\/p>\n<p><span>Seit 2013 stehen wir f\u00fcr Qualit\u00e4t und respektvollen Umgang mit Trauer. <\/span><\/p>\n<p><span>Mit uns profitieren Sie doppelt: <\/span><\/p>\n<p><span><strong>10 % Provision<\/strong> f\u00fcr Sie und 1<strong>0 % Rabatt f\u00fcr Ihre Kunden<\/strong>. <\/span><\/p>\n<p><span>Einfach, sinnvoll und gefragt \u2013 ein Angebot, das echten Mehrwert schafft.<\/span><\/p>\n<p><span>Registrieren Sie sich hier, um als Vertriebspartner teilzunehmen und von unserem System zu profitieren. Nach Ihrer Anmeldung pr\u00fcfen wir Ihre Angaben sorgf\u00e4ltig, um die Qualit\u00e4t unseres Netzwerks sicherzustellen. Dieser Prozess kann bis zu 48 Stunden in Anspruch nehmen. Nach erfolgreicher Pr\u00fcfung werden Sie freigeschaltet und erhalten eine entsprechende Benachrichtigung per E-Mail mit allen weiteren Informationen. <\/span><\/p>\n<p><span>Wir freuen uns auf eine erfolgreiche Zusammenarbeit!<br \/>Ihr Team QRM<\/span><\/p>\n<p>[\/et_pb_text][\/et_pb_column][\/et_pb_row][et_pb_row _builder_version=&#8220;4.16&#8243; background_size=&#8220;initial&#8220; background_position=&#8220;top_left&#8220; background_repeat=&#8220;repeat&#8220; global_colors_info=&#8220;{}&#8220;][et_pb_column type=&#8220;4_4&#8243; _builder_version=&#8220;4.16&#8243; custom_padding=&#8220;|||&#8220; global_colors_info=&#8220;{}&#8220; custom_padding__hover=&#8220;|||&#8220;][et_pb_text _builder_version=&#8220;4.16&#8243; background_size=&#8220;initial&#8220; background_position=&#8220;top_left&#8220; background_repeat=&#8220;repeat&#8220; global_colors_info=&#8220;{}&#8220;]\r\n    \r\n    \r\n    \r\n    \r\n      \r\n      <div class=\"wcu-form-section wcu-form-section-free\">\r\n\r\n      \r\n      <p class=\"wcusage-register-form-title\" style=\"font-size: 1.2em;\"><strong>Neues Aufnehmen-Konto registrieren:<\/strong><\/p>\r\n\r\n      <link rel=\"stylesheet\" href=\"https:\/\/qr-memorial.eu\/wp-content\/plugins\/woo-coupon-usage\/fonts\/font-awesome\/css\/all.min.css\" crossorigin=\"anonymous\">\r\n\r\n      \r\n        \r\n        \r\n          <!-- Form -->\r\n          <div class=\"wcu_form_style_3 wcu_form_style_columns\">\r\n          <form method=\"post\" id=\"wcu_form_affiliate_register\" class=\"wcu_form_affiliate_register\" enctype=\"multipart\/form-data\"\r\n          >\r\n\r\n            \r\n              <p class=\"wcu-register-field-col wcu-register-field-col-1\"><label for=\"wcu-input-first-name\">Vorname:*<\/label>\r\n                <input type=\"text\" id=\"wcu-input-first-name\" name=\"wcu-input-first-name\" class=\"input-text form-control\" value=\"\" style=\"max-width: 300px;\" required>\r\n              <\/p>\r\n\r\n              <p class=\"wcu-register-field-col wcu-register-field-col-2\"><label for=\"wcu-input-last-name\">Nachname:*<\/label>\r\n                <input type=\"text\" id=\"wcu-input-last-name\" name=\"wcu-input-last-name\" class=\"input-text form-control\" value=\"\" style=\"max-width: 300px;\" required>\r\n              <\/p>\r\n\r\n              \r\n              <p class=\"wcu-register-field-col-email \"><label for=\"wcu-input-email\">E-Mail-Adresse:*<\/label>\r\n                <input type=\"email\" id=\"wcu-input-email\" name=\"wcu-input-email\" class=\"input-text form-control\" value=\"\" style=\"max-width: 300px;\" required>\r\n              <\/p>\r\n\r\n              <div style=\"clear: both;\"><\/div>\r\n\r\n              <p class=\"wcu-register-field-col-password wcu-register-field-col-1\"><label for=\"wcu-input-password\">Passwort:*<\/label>\r\n                <input type=\"password\" id=\"wcu-input-password\" name=\"wcu-input-password\" class=\"input-text form-control\" value=\"\" style=\"max-width: 300px; display: inline-block;\" required>\r\n              <\/p>\r\n\r\n                            <p class=\"wcu-register-field-col-password-confirm wcu-register-field-col-2\"><label for=\"wcu-input-password-confirm\">Passwort best\u00e4tigen:*<\/label>\r\n                <input type=\"password\" id=\"wcu-input-password-confirm\" name=\"wcu-input-password-confirm\" class=\"input-text form-control\" value=\"\" style=\"max-width: 300px; display: inline-block;\" required>\r\n              <\/p>\r\n              \r\n              <div style=\"clear: both;\"><\/div>\r\n\r\n            \r\n            <!-- Preferred Code -->\r\n                                    <p class=\"wcu-register-field-col\"><label for=\"wcu-input-coupon\">Ihr Wunsch Rabattcode:*<\/label>\r\n              <input type=\"text\" id=\"wcu-input-coupon\" name=\"wcu-input-coupon\" class=\"input-text form-control\" value=\"\" minlength=\"3\" style=\"max-width: 300px;\" required>\r\n            <\/p>\r\n            \r\n            \r\n                                    <!-- HP -->\r\n            <div style=\"display: none;\">\r\n              <label for=\"wcu-input-hp\">Dont put anything here..<\/label>\r\n              <input type=\"text\" id=\"wcu-input-hp\" name=\"wcu-input-hp\" class=\"input-text\r\n              form-control\" autocomplete=\"off\" value=\"\">\r\n            <\/div>\r\n            \r\n            <!-- Terms -->\r\n            \r\n            <div style=\"clear: both;\"><\/div>\r\n\r\n            <!-- Recaptcha -->\r\n            \r\n            <!-- Turnstile -->\r\n            \r\n            <div style=\"clear: both;\"><\/div>\r\n\r\n            \r\n            <input type=\"hidden\" id=\"wcusage_submit_registration_form1\" name=\"wcusage_submit_registration_form1\" value=\"5ff2d2e209\" \/><input type=\"hidden\" name=\"_wp_http_referer\" value=\"\/de\/wp-json\/wp\/v2\/pages\/448\" \/>            <input type=\"hidden\" id=\"wcusage_submit_registration_form2\" name=\"wcusage_submit_registration_form2\" value=\"121253fc7b\" \/><input type=\"hidden\" name=\"_wp_http_referer\" value=\"\/de\/wp-json\/wp\/v2\/pages\/448\" \/>\r\n            <p class=\"wcu-register-form-button\"><input type=\"submit\" class=\"woocommerce-button button\"  id=\"wcu-register-button\" name=\"submitaffiliateapplication\" value=\"Bewerbung einreichen\"><\/p>\r\n\r\n            <i class=\"register-spinner fa fa-spinner fa-spin\" style=\"display: none; text-align: center; margin: 10px auto; font-size: 20px; width: 40px;\"><\/i>\r\n\r\n            \r\n          <\/form>\r\n          <\/div>\r\n\r\n        \r\n      \r\n      \r\n      <\/div>\r\n\r\n    \r\n    [\/et_pb_text][\/et_pb_column][\/et_pb_row][\/et_pb_section]<\/p>\n","protected":false},"excerpt":{"rendered":"<p>Willkommen in unserem Partnerprogramm! Mit QR-Memorial bieten Sie Ihren Kunden eine w\u00fcrdevolle, moderne Form des Gedenkens \u2013 bewusst ohne Schnickschnack, mit Fokus auf Foto, Galerie und pers\u00f6nlichen Text. Seit 2013 stehen wir f\u00fcr Qualit\u00e4t und respektvollen Umgang mit Trauer. Mit uns profitieren Sie doppelt: 10 % Provision f\u00fcr Sie und 10 % Rabatt f\u00fcr Ihre [&hellip;]<\/p>\n","protected":false},"author":1,"featured_media":0,"parent":0,"menu_order":0,"comment_status":"closed","ping_status":"closed","template":"","meta":{"_et_pb_use_builder":"on","_et_pb_old_content":"[couponaffiliates-register]","_et_gb_content_width":"","footnotes":""},"class_list":["post-448","page","type-page","status-publish","hentry"],"aioseo_notices":[],"_links":{"self":[{"href":"https:\/\/qr-memorial.eu\/de\/wp-json\/wp\/v2\/pages\/448","targetHints":{"allow":["GET"]}}],"collection":[{"href":"https:\/\/qr-memorial.eu\/de\/wp-json\/wp\/v2\/pages"}],"about":[{"href":"https:\/\/qr-memorial.eu\/de\/wp-json\/wp\/v2\/types\/page"}],"author":[{"embeddable":true,"href":"https:\/\/qr-memorial.eu\/de\/wp-json\/wp\/v2\/users\/1"}],"replies":[{"embeddable":true,"href":"https:\/\/qr-memorial.eu\/de\/wp-json\/wp\/v2\/comments?post=448"}],"version-history":[{"count":5,"href":"https:\/\/qr-memorial.eu\/de\/wp-json\/wp\/v2\/pages\/448\/revisions"}],"predecessor-version":[{"id":460,"href":"https:\/\/qr-memorial.eu\/de\/wp-json\/wp\/v2\/pages\/448\/revisions\/460"}],"wp:attachment":[{"href":"https:\/\/qr-memorial.eu\/de\/wp-json\/wp\/v2\/media?parent=448"}],"curies":[{"name":"wp","href":"https:\/\/api.w.org\/{rel}","templated":true}]}}