{"id":15,"date":"2023-12-16T12:33:38","date_gmt":"2023-12-16T12:33:38","guid":{"rendered":"https:\/\/qr-memorial.eu\/?page_id=15"},"modified":"2026-04-05T18:00:24","modified_gmt":"2026-04-05T18:00:24","slug":"startseite","status":"publish","type":"page","link":"https:\/\/qr-memorial.eu\/en\/","title":{"rendered":"More than a QR code"},"content":{"rendered":"<p>[et_pb_section fb_built=&#8220;1&#8243; custom_padding_last_edited=&#8220;on|phone&#8220; _builder_version=&#8220;4.23.4&#8243; _module_preset=&#8220;default&#8220; background_image=&#8220;https:\/\/qr-memorial.eu\/wp-content\/uploads\/2023\/12\/header-qrmemorial-1.jpg&#8220; transform_scale_tablet=&#8220;&#8220; transform_scale_phone=&#8220;&#8220; transform_scale_last_edited=&#8220;on|phone&#8220; transform_translate_tablet=&#8220;&#8220; transform_translate_phone=&#8220;&#8220; transform_translate_last_edited=&#8220;on|phone&#8220; transform_translate_linked_phone=&#8220;off&#8220; transform_rotate_tablet=&#8220;&#8220; transform_rotate_phone=&#8220;&#8220; transform_rotate_last_edited=&#8220;on|phone&#8220; transform_skew_tablet=&#8220;&#8220; transform_skew_phone=&#8220;&#8220; transform_skew_last_edited=&#8220;on|phone&#8220; transform_origin_tablet=&#8220;&#8220; transform_origin_phone=&#8220;&#8220; transform_origin_last_edited=&#8220;on|phone&#8220; transform_styles_last_edited=&#8220;on|phone&#8220; height=&#8220;550px&#8220; custom_margin_tablet=&#8220;&#8220; custom_margin_phone=&#8220;-35px||-35px||false|false&#8220; custom_margin_last_edited=&#8220;on|phone&#8220; custom_padding_tablet=&#8220;&#8220; custom_padding_phone=&#8220;||||false|false&#8220; transform_styles_tablet=&#8220;&#8220; transform_styles_phone=&#8220;&#8220; global_colors_info=&#8220;{}&#8220;][\/et_pb_section][et_pb_section fb_built=&#8220;1&#8243; module_id=&#8220;unsereloesung&#8220; _builder_version=&#8220;4.23.1&#8243; _module_preset=&#8220;default&#8220; background_color=&#8220;rgba(216,216,216,0.5)&#8220; global_colors_info=&#8220;{}&#8220;][et_pb_row _builder_version=&#8220;4.23.1&#8243; _module_preset=&#8220;default&#8220; global_colors_info=&#8220;{}&#8220;][et_pb_column type=&#8220;4_4&#8243; _builder_version=&#8220;4.23.1&#8243; _module_preset=&#8220;default&#8220; global_colors_info=&#8220;{}&#8220;][et_pb_heading title=&#8220;Gedenkorte digital erweitern&#8220; _builder_version=&#8220;4.23.1&#8243; _module_preset=&#8220;default&#8220; title_text_align=&#8220;center&#8220; custom_margin=&#8220;||22px||false|false&#8220; custom_padding=&#8220;||11px||false|false&#8220; border_width_bottom=&#8220;1px&#8220; border_color_bottom=&#8220;#6d0907&#8243; global_colors_info=&#8220;{}&#8220;][\/et_pb_heading][et_pb_text _builder_version=&#8220;4.23.1&#8243; _module_preset=&#8220;default&#8220; custom_margin=&#8220;50px||-30px||false|false&#8220; custom_padding=&#8220;||||false|false&#8220; global_colors_info=&#8220;{}&#8220;]<\/p>\n<h2 style=\"text-align: center;\"><span>Lebendige Erinnerungen im Einklang mit der Friedhofskultur<\/span><\/h2>\n<p>[\/et_pb_text][\/et_pb_column][\/et_pb_row][et_pb_row column_structure=&#8220;1_2,1_2&#8243; make_equal=&#8220;on&#8220; _builder_version=&#8220;4.23.1&#8243; _module_preset=&#8220;default&#8220; custom_padding=&#8220;||27px|||&#8220; custom_css_main_element=&#8220;align-items: center;&#8220; global_colors_info=&#8220;{}&#8220;][et_pb_column type=&#8220;1_2&#8243; _builder_version=&#8220;4.23.1&#8243; _module_preset=&#8220;default&#8220; global_colors_info=&#8220;{}&#8220;][et_pb_image src=&#8220;https:\/\/qr-memorial.eu\/wp-content\/uploads\/2023\/12\/webseitenbild-700&#215;1000-1.jpg&#8220; title_text=&#8220;QR-memorial&#8220; _builder_version=&#8220;4.23.1&#8243; _module_preset=&#8220;default&#8220; global_colors_info=&#8220;{}&#8220;][\/et_pb_image][\/et_pb_column][et_pb_column type=&#8220;1_2&#8243; _builder_version=&#8220;4.23.1&#8243; _module_preset=&#8220;default&#8220; global_colors_info=&#8220;{}&#8220;][et_pb_text _builder_version=&#8220;4.23.4&#8243; _module_preset=&#8220;default&#8220; global_colors_info=&#8220;{}&#8220;]<\/p>\n<p>W\u00e4hrend der Grabstein traditionell nur begrenzten Platz bietet, er\u00f6ffnet unser System einen digitalen Raum, um Fotos, Geschichten und Texte \u00fcber die geliebte Person zu teilen und zu bewahren.<\/p>\n<p>Unser Ziel ist es, die Trauerbew\u00e4ltigung zu unterst\u00fctzen, indem wir ein Produkt bieten, mit dem man mehr als nur den Stein am Grab hat.<\/p>\n<p>Die Erinnerungen an Jemanden, den wir verloren haben, sind kostbar und verdienen einen Raum, der weit \u00fcber die Grenzen des physischen Grabsteins hinausgeht. Unser Produkt bietet diesen Raum, um Erinnerungen zu bewahren und die Geschichte einer Person in all ihrer Vielfalt zu erz\u00e4hlen \u2013 als eine w\u00fcrdige Erg\u00e4nzung zum traditionellen Gedenkort.<span><\/span><\/p>\n<p><span>Als einer der Pioniere auf dem deutschen Markt im Bereich der Digitalisierung von Gedenkorten verstehen wir die Friedhofskultur, die Bedeutung der Trauer und wir beherrschen die digitalen M\u00f6glichkeiten. Seit 2013 bringen wir dies f\u00fcr Sie mit QR-memorial in Einklang.\u00a0<\/span><\/p>\n<p><span>Unser Ansatz konzentriert sich darauf, eine Balance zwischen der Bereicherung von Gedenkst\u00e4tten und dem Respektieren der Friedhofsruhe zu finden. Aus diesem Grund verzichten wir bei QR-memorial bewusst auf Videos und Audio-Dateien auf Ihrem digitalen Platz.\u00a0<\/span><span>Bilder und Geschichten erm\u00f6glichen auf eine ruhige und unaufdringliche Weise die Friedhofsatmosph\u00e4re zu wahren und geben Ihnen viel mehr als nur den Namen auf dem Grabmal.<\/span><\/p>\n<p>Wir sind komplett werbefrei und engagieren uns daf\u00fcr, ein Produkt anzubieten, das den Bed\u00fcrfnissen von Familien, Freunden und Gemeinden gerecht wird. Durch die Verbindung von innovativer Technologie und Respekt f\u00fcr traditionelle Gedenkkultur erm\u00f6glichen wir, Erinnerungen auf eine sinnvolle und nachhaltige Weise zu bewahren und stellen diese an dem Ort der Trauer f\u00fcr Sie bereit.<\/p>\n<p>Wir sind stolz darauf, seit vielen Jahren, vielen trauernden Menschen diesen wertvollen Dienst anzubieten.<\/p>\n<p><span><\/span><\/p>\n<p>[\/et_pb_text][\/et_pb_column][\/et_pb_row][\/et_pb_section][et_pb_section fb_built=&#8220;1&#8243; module_id=&#8220;funktion&#8220; _builder_version=&#8220;4.23.1&#8243; _module_preset=&#8220;default&#8220; background_color=&#8220;RGBA(255,255,255,0)&#8220; locked=&#8220;off&#8220; global_colors_info=&#8220;{}&#8220;][et_pb_row column_structure=&#8220;1_2,1_2&#8243; make_equal=&#8220;on&#8220; _builder_version=&#8220;4.23.4&#8243; _module_preset=&#8220;default&#8220; custom_css_main_element=&#8220;align-items: center;||display: flex;||flex-wrap: wrap;&#8220; border_width_bottom=&#8220;1px&#8220; border_color_bottom=&#8220;#933411&#8243; locked=&#8220;off&#8220; global_colors_info=&#8220;{}&#8220;][et_pb_column type=&#8220;1_2&#8243; _builder_version=&#8220;4.23.4&#8243; _module_preset=&#8220;default&#8220; global_colors_info=&#8220;{}&#8220; custom_css_main_element_last_edited=&#8220;on|phone&#8220; custom_css_main_element_phone=&#8220;order:2&#8243;][et_pb_text module_class=&#8220;translation-block&#8220; _builder_version=&#8220;4.23.4&#8243; _module_preset=&#8220;default&#8220; global_colors_info=&#8220;{}&#8220;]<\/p>\n<h2>Mehr als ein QR-Code<\/h2>\n<p>Ein intuitiv nutzbares Digitalsystem, in dem Sie Ihre Erinnerungen bewahren und auf eine einfache Art und Weise Anderen zur Verf\u00fcgung stellen k\u00f6nnen &#8211; das ist QR-memorial.<\/p>\n<p>Hochwertige QR-Codes, die auf langlebigen Materialien wie Metallpl\u00e4ttchen oder steinernen Oberfl\u00e4chen gelasert oder sandgestrahlt werden, stellen eine Verbindung zu einem digitalen Gedenkort her. Diese QR-Codes sind nahezu unzerst\u00f6rbar und werden so zu einer dauerhaften Erg\u00e4nzung f\u00fcr Gedenkst\u00e4tten wie Grabsteine, Kolumbarien oder anderen Gedenkorten.<\/p>\n<p>Alternativ dazu kann QR-memorial digital erworben werden. Das bedeutet, dass das QR-Code-Muster erworben und dann von einem Beerdigungsinstitut oder einem anderen Dienstleister auf verschiedenste Materialien \u00fcbertragen werden kann, sei es auf Trauerkarten, in Lokalzeitungen f\u00fcr den Nachruf oder sp\u00e4ter auf dem Grabmal.<\/p>\n<p>H\u00e4ufig wird unsere L\u00f6sung bereits vor der Beerdigung genutzt, um den Nachruf in Lokalzeitungen oder auf den Trauerkarten digital zu erweitern. Auf diese Weise schaffen wir eine umfassende Erinnerung und ein pers\u00f6nliches Verm\u00e4chtnis, das \u00fcber traditionelle Medien hinausgeht.<\/p>\n<p>&nbsp;<\/p>\n<p>[\/et_pb_text][\/et_pb_column][et_pb_column type=&#8220;1_2&#8243; _builder_version=&#8220;4.23.1&#8243; _module_preset=&#8220;default&#8220; global_colors_info=&#8220;{}&#8220;][et_pb_image src=&#8220;https:\/\/qr-memorial.eu\/wp-content\/uploads\/2023\/12\/grabstein-mit-qrcode-qr-memorial.jpg&#8220; title_text=&#8220;QR-memorial Grabstein mit QR-Code&#8220; _builder_version=&#8220;4.23.4&#8243; _module_preset=&#8220;default&#8220; custom_margin_tablet=&#8220;&#8220; custom_margin_phone=&#8220;||22px||false|false&#8220; custom_margin_last_edited=&#8220;on|phone&#8220; global_colors_info=&#8220;{}&#8220;][\/et_pb_image][\/et_pb_column][\/et_pb_row][et_pb_row column_structure=&#8220;1_2,1_2&#8243; make_equal=&#8220;on&#8220; _builder_version=&#8220;4.23.1&#8243; _module_preset=&#8220;default&#8220; custom_css_main_element=&#8220;align-items: center;&#8220; global_colors_info=&#8220;{}&#8220;][et_pb_column type=&#8220;1_2&#8243; _builder_version=&#8220;4.23.1&#8243; _module_preset=&#8220;default&#8220; global_colors_info=&#8220;{}&#8220;][et_pb_image src=&#8220;https:\/\/qr-memorial.eu\/wp-content\/uploads\/2023\/12\/qr-memorial-password.jpg&#8220; title_text=&#8220;QR-memorial nur f\u00fcr die Familie&#8220; _builder_version=&#8220;4.23.1&#8243; _module_preset=&#8220;default&#8220; global_colors_info=&#8220;{}&#8220;][\/et_pb_image][\/et_pb_column][et_pb_column type=&#8220;1_2&#8243; _builder_version=&#8220;4.23.1&#8243; _module_preset=&#8220;default&#8220; global_colors_info=&#8220;{}&#8220;][et_pb_text module_class=&#8220;translation-block&#8220; _builder_version=&#8220;4.23.4&#8243; _module_preset=&#8220;default&#8220; global_colors_info=&#8220;{}&#8220;]<\/p>\n<h2>Individuelle Erinnerungen \u2013 Zugang nach pers\u00f6nlicher Entscheidung<\/h2>\n<p>Erinnerungen an geliebte Menschen sind pers\u00f6nlich und bedeutsam. Daher bietet QR-memorial zus\u00e4tzliche Privatsph\u00e4re. Die Familie der verstorbenen Person hat die M\u00f6glichkeit selbst zu entscheiden, wer Zugang zu den hinter dem QR-Code hinterlegten Informationen hat. So k\u00f6nnen die digitalen Erinnerungen f\u00fcr die Allgemeinheit bestimmt oder der Zugang auf einen ausgew\u00e4hlten Personenkreis beschr\u00e4nkt werden.<\/p>\n<p>Dies geschieht durch einen Passwortschutz. Die Familie kann dieses Passwort in ihrem Kreis oder unter Freunden verteilen, wodurch sie die Kontrolle dar\u00fcber haben, wer die pers\u00f6nlichen Erinnerungen und Informationen einsehen kann.<\/p>\n<p>[\/et_pb_text][\/et_pb_column][\/et_pb_row][\/et_pb_section][et_pb_section fb_built=&#8220;1&#8243; module_id=&#8220;preise&#8220; _builder_version=&#8220;4.23.1&#8243; _module_preset=&#8220;default&#8220; background_color=&#8220;rgba(216,216,216,0.5)&#8220; locked=&#8220;off&#8220; global_colors_info=&#8220;{}&#8220;][et_pb_row column_structure=&#8220;1_2,1_2&#8243; _builder_version=&#8220;4.23.1&#8243; _module_preset=&#8220;default&#8220; locked=&#8220;off&#8220; global_colors_info=&#8220;{}&#8220;][et_pb_column type=&#8220;1_2&#8243; _builder_version=&#8220;4.23.1&#8243; _module_preset=&#8220;default&#8220; global_colors_info=&#8220;{}&#8220;][et_pb_text module_class=&#8220;translation-block&#8220; _builder_version=&#8220;4.23.4&#8243; _module_preset=&#8220;default&#8220; global_colors_info=&#8220;{}&#8220;]<\/p>\n<h2>Transparente Preisgestaltung f\u00fcr dauerhafte Erinnerungen<\/h2>\n<p>QR-memorial gibt es physisch als Pl\u00e4ttchen oder digital zum sofortigen download.<\/p>\n<p>Die digitale Variante bietet h\u00f6chste Flexibilit\u00e4t bei sofortiger Verf\u00fcgbarkeit und ist f\u00fcr alle geeignet, die den QR-Code auf verschiedenen Medien sofort verwenden und sp\u00e4ter durch Dritte in einem Grabmal einarbeiten lassen m\u00f6chten.<\/p>\n<p>Die physische Variante als eine dauerhafte Erg\u00e4nzung von Gedenkorten, auch von bereits bestehenden Gedenkst\u00e4tten, ist auf hochwertige Materialien gelasert oder sandgestrahlt. Die Anfertigung und die Lieferung des Produktes beansprucht jedoch eine Fertigungszeit. Der digitale QR-Code wird Ihnen bereits innerhalb von 24 Stunden bereitgestellt, so k\u00f6nnen Sie diesen wie bei der digitalen Variante auch f\u00fcr andere Medien uneingeschr\u00e4nkt sofort Verwenden.<\/p>\n<p>Der einmalige Erwerb einer der Varianten erm\u00f6glicht es, die Erinnerungen an einem Gedenkort f\u00fcr einen Zeitraum von 10 Jahren zu hinterlegen und zu teilen.<\/p>\n<p>Nach Ablauf der 10 Jahre besteht die M\u00f6glichkeit, die Verf\u00fcgbarkeit der Inhalte f\u00fcr weitere Zeitr\u00e4ume zu verl\u00e4ngern, es gibt jedoch keine automatische Verl\u00e4ngerung oder wiederkehrende Zahlungen.<\/p>\n<p>Wir sind f\u00fcr eine transparente Preisgestaltung, die es unseren Kunden erm\u00f6glicht, die Erinnerungen ihrer Liebsten auf eine dauerhafte und flexible Weise zu bewahren, ohne sich an langfristige Verpflichtungen binden zu m\u00fcssen.<\/p>\n<p>[\/et_pb_text][\/et_pb_column][et_pb_column type=&#8220;1_2&#8243; _builder_version=&#8220;4.23.1&#8243; _module_preset=&#8220;default&#8220; global_colors_info=&#8220;{}&#8220;][et_pb_wc_images product=&#8220;98&#8243; _builder_version=&#8220;4.23.4&#8243; _module_preset=&#8220;default&#8220; global_colors_info=&#8220;{}&#8220;][\/et_pb_wc_images][et_pb_wc_title product=&#8220;98&#8243; _builder_version=&#8220;4.27.6&#8243; _module_preset=&#8220;default&#8220; header_level=&#8220;h2&#8243; global_colors_info=&#8220;{}&#8220;][\/et_pb_wc_title][et_pb_wc_price product=&#8220;98&#8243; _builder_version=&#8220;4.23.1&#8243; _module_preset=&#8220;default&#8220; global_colors_info=&#8220;{}&#8220;][\/et_pb_wc_price][et_pb_wc_add_to_cart product=&#8220;98&#8243; _builder_version=&#8220;4.25.1&#8243; _module_preset=&#8220;default&#8220; display_conditions=&#8220;W3siaWQiOiJlNTU2NzY2YS1lYWJjLTQyYTAtYTVkYi1iNTdlNGY1NzA2NTciLCJjb25kaXRpb24iOiJjb29raWUiLCJjb25kaXRpb25TZXR0aW5ncyI6eyJkaXNwbGF5UnVsZSI6ImNvb2tpZVZhbHVlRG9lc05vdEVxdWFsIiwiY29va2llTmFtZSI6InRycF9sYW5ndWFnZSIsImNvb2tpZVZhbHVlIjoicGxfUEwiLCJhZG1pbkxhYmVsIjoiUGzDpHR6Y2hlbiIsImVuYWJsZUNvbmRpdGlvbiI6Im9uIn0sIm9wZXJhdG9yIjoiT1IifV0=&#8220; global_colors_info=&#8220;{}&#8220;][\/et_pb_wc_add_to_cart][\/et_pb_column][\/et_pb_row][\/et_pb_section][et_pb_section fb_built=&#8220;1&#8243; module_id=&#8220;partner&#8220; _builder_version=&#8220;4.23.1&#8243; _module_preset=&#8220;default&#8220; background_color=&#8220;RGBA(255,255,255,0)&#8220; locked=&#8220;off&#8220; global_colors_info=&#8220;{}&#8220;][et_pb_row _builder_version=&#8220;4.23.1&#8243; _module_preset=&#8220;default&#8220; global_colors_info=&#8220;{}&#8220;][et_pb_column type=&#8220;4_4&#8243; _builder_version=&#8220;4.23.1&#8243; _module_preset=&#8220;default&#8220; global_colors_info=&#8220;{}&#8220;][et_pb_text module_class=&#8220;translation-block&#8220; _builder_version=&#8220;4.23.4&#8243; _module_preset=&#8220;default&#8220; global_colors_info=&#8220;{}&#8220;]<\/p>\n<h2>Gemeinsam f\u00fcr eine moderne Gedenkkultur &#8211; werden Sie unser Partner<\/h2>\n<p data-start=\"160\" data-end=\"460\">Wir sind stets auf der Suche nach neuen Gesch\u00e4ftspartnern, die unsere Werte in der digitalen Gedenkkultur teilen. Seit 2013 stehen wir f\u00fcr eine w\u00fcrdevolle, schlichte und respektvolle Form des Erinnerns \u2013 bewusst ohne Schnickschnack, mit Fokus auf das Wesentliche: Foto, Galerie und pers\u00f6nliche Worte.<\/p>\n<p data-start=\"462\" data-end=\"760\">Mit unserem Affiliate-Programm bieten wir Ihnen eine einfache M\u00f6glichkeit zur Zusammenarbeit: Empfehlen Sie QR-Memorial aktiv weiter und profitieren Sie direkt davon, Sie und Ihre Kunden!<\/p>\n<p data-start=\"762\" data-end=\"904\">Unsere L\u00f6sung eignet sich ideal f\u00fcr Bestatter, Steinmetze und alle, die ihren Kunden einen modernen, aber w\u00fcrdevollen Mehrwert bieten m\u00f6chten.<\/p>\n<p data-start=\"906\" data-end=\"1008\" data-is-last-node=\"\" data-is-only-node=\"\">Registrieren Sie sich jetzt als Partner und werden Sie Teil eines Netzwerks, das Erinnerung neu denkt.<\/p>\n<p data-start=\"906\" data-end=\"1008\" data-is-last-node=\"\" data-is-only-node=\"\"><strong><a href=\"https:\/\/qr-memorial.eu\/de\/affiliate-registration\/\">JETZT REGISTRIEREN<\/a><\/strong><\/p>\n<p data-start=\"906\" data-end=\"1008\" data-is-last-node=\"\" data-is-only-node=\"\">\n<p>[\/et_pb_text][\/et_pb_column][\/et_pb_row][\/et_pb_section]<\/p>\n","protected":false},"excerpt":{"rendered":"<p>Lebendige Erinnerungen im Einklang mit der FriedhofskulturW\u00e4hrend der Grabstein traditionell nur begrenzten Platz bietet, er\u00f6ffnet unser System einen digitalen Raum, um Fotos, Geschichten und Texte \u00fcber die geliebte Person zu teilen und zu bewahren. Unser Ziel ist es, die Trauerbew\u00e4ltigung zu unterst\u00fctzen, indem wir ein Produkt bieten, mit dem man mehr als nur den Stein [&hellip;]<\/p>\n","protected":false},"author":1,"featured_media":0,"parent":0,"menu_order":0,"comment_status":"closed","ping_status":"closed","template":"","meta":{"_et_pb_use_builder":"on","_et_pb_old_content":"","_et_gb_content_width":"","footnotes":""},"class_list":["post-15","page","type-page","status-publish","hentry"],"aioseo_notices":[],"_links":{"self":[{"href":"https:\/\/qr-memorial.eu\/en\/wp-json\/wp\/v2\/pages\/15","targetHints":{"allow":["GET"]}}],"collection":[{"href":"https:\/\/qr-memorial.eu\/en\/wp-json\/wp\/v2\/pages"}],"about":[{"href":"https:\/\/qr-memorial.eu\/en\/wp-json\/wp\/v2\/types\/page"}],"author":[{"embeddable":true,"href":"https:\/\/qr-memorial.eu\/en\/wp-json\/wp\/v2\/users\/1"}],"replies":[{"embeddable":true,"href":"https:\/\/qr-memorial.eu\/en\/wp-json\/wp\/v2\/comments?post=15"}],"version-history":[{"count":79,"href":"https:\/\/qr-memorial.eu\/en\/wp-json\/wp\/v2\/pages\/15\/revisions"}],"predecessor-version":[{"id":464,"href":"https:\/\/qr-memorial.eu\/en\/wp-json\/wp\/v2\/pages\/15\/revisions\/464"}],"wp:attachment":[{"href":"https:\/\/qr-memorial.eu\/en\/wp-json\/wp\/v2\/media?parent=15"}],"curies":[{"name":"wp","href":"https:\/\/api.w.org\/{rel}","templated":true}]}}